{"id":1280,"date":"2018-11-08T08:00:43","date_gmt":"2018-11-08T08:00:43","guid":{"rendered":"http:\/\/dentaland.info\/?page_id=1280"},"modified":"2018-11-08T08:01:06","modified_gmt":"2018-11-08T08:01:06","slug":"nostro-team","status":"publish","type":"page","link":"http:\/\/dentaland.info\/it\/nostro-team\/","title":{"rendered":"Nostro Team"},"content":{"rendered":"","protected":false},"excerpt":{"rendered":"","protected":false},"author":2,"featured_media":0,"parent":0,"menu_order":0,"comment_status":"closed","ping_status":"closed","template":"template-parts\/template-flexible.php","meta":{"_acf_changed":false,"footnotes":""},"class_list":["post-1280","page","type-page","status-publish","hentry"],"acf":[],"yoast_head":"<!-- This site is optimized with the Yoast SEO plugin v25.8 - https:\/\/yoast.com\/wordpress\/plugins\/seo\/ -->\n<title>Dentaland - Tim stomatolo\u0161ke poliklinike Dentaland - Dental Clinic<\/title>\n<meta name=\"description\" content=\"Tim stomatolo\u0161ke poliklinike Dentaland Novi Sad. Svakom pacijentu \u017eelimo da pru\u017eimo maksimalnu pa\u017enju i visoku stru\u010dnost.\" \/>\n<meta name=\"robots\" content=\"index, follow, max-snippet:-1, max-image-preview:large, max-video-preview:-1\" \/>\n<link rel=\"canonical\" href=\"http:\/\/dentaland.info\/it\/nostro-team\/\" \/>\n<meta property=\"og:locale\" content=\"it_IT\" \/>\n<meta property=\"og:type\" content=\"article\" \/>\n<meta property=\"og:title\" content=\"Dentaland - Tim stomatolo\u0161ke poliklinike Dentaland - Dental Clinic\" \/>\n<meta property=\"og:description\" content=\"Tim stomatolo\u0161ke poliklinike Dentaland Novi Sad. Svakom pacijentu \u017eelimo da pru\u017eimo maksimalnu pa\u017enju i visoku stru\u010dnost.\" \/>\n<meta property=\"og:url\" content=\"http:\/\/dentaland.info\/it\/nostro-team\/\" \/>\n<meta property=\"og:site_name\" content=\"Dentaland\" \/>\n<meta property=\"article:publisher\" content=\"https:\/\/www.facebook.com\/dentaland.poliklinika\" \/>\n<meta property=\"article:modified_time\" content=\"2018-11-08T08:01:06+00:00\" \/>\n<meta name=\"twitter:card\" content=\"summary_large_image\" \/>\n<meta name=\"twitter:title\" content=\"Dentaland - Tim stomatolo\u0161ke poliklinike Dentaland - Dental Clinic\" \/>\n<meta name=\"twitter:description\" content=\"Tim stomatolo\u0161ke poliklinike Dentaland Novi Sad. Svakom pacijentu \u017eelimo da pru\u017eimo maksimalnu pa\u017enju i visoku stru\u010dnost.\" \/>\n<script type=\"application\/ld+json\" class=\"yoast-schema-graph\">{\"@context\":\"https:\/\/schema.org\",\"@graph\":[{\"@type\":\"WebPage\",\"@id\":\"http:\/\/dentaland.info\/it\/nostro-team\/\",\"url\":\"http:\/\/dentaland.info\/it\/nostro-team\/\",\"name\":\"Dentaland - Tim stomatolo\u0161ke poliklinike Dentaland - Dental Clinic\",\"isPartOf\":{\"@id\":\"https:\/\/dentaland.info\/#website\"},\"datePublished\":\"2018-11-08T08:00:43+00:00\",\"dateModified\":\"2018-11-08T08:01:06+00:00\",\"description\":\"Tim stomatolo\u0161ke poliklinike Dentaland Novi Sad. Svakom pacijentu \u017eelimo da pru\u017eimo maksimalnu pa\u017enju i visoku stru\u010dnost.\",\"breadcrumb\":{\"@id\":\"http:\/\/dentaland.info\/it\/nostro-team\/#breadcrumb\"},\"inLanguage\":\"it-IT\",\"potentialAction\":[{\"@type\":\"ReadAction\",\"target\":[\"http:\/\/dentaland.info\/it\/nostro-team\/\"]}]},{\"@type\":\"BreadcrumbList\",\"@id\":\"http:\/\/dentaland.info\/it\/nostro-team\/#breadcrumb\",\"itemListElement\":[{\"@type\":\"ListItem\",\"position\":1,\"name\":\"Po\u010detna\",\"item\":\"https:\/\/dentaland.info\/it\/\"},{\"@type\":\"ListItem\",\"position\":2,\"name\":\"Nostro Team\"}]},{\"@type\":\"WebSite\",\"@id\":\"https:\/\/dentaland.info\/#website\",\"url\":\"https:\/\/dentaland.info\/\",\"name\":\"Dentaland\",\"description\":\"Stomatolo\u0161ka klinika\",\"publisher\":{\"@id\":\"https:\/\/dentaland.info\/#organization\"},\"potentialAction\":[{\"@type\":\"SearchAction\",\"target\":{\"@type\":\"EntryPoint\",\"urlTemplate\":\"https:\/\/dentaland.info\/?s={search_term_string}\"},\"query-input\":{\"@type\":\"PropertyValueSpecification\",\"valueRequired\":true,\"valueName\":\"search_term_string\"}}],\"inLanguage\":\"it-IT\"},{\"@type\":\"Organization\",\"@id\":\"https:\/\/dentaland.info\/#organization\",\"name\":\"Stomatolo\u0161ka poliklinika Dentaland\",\"url\":\"https:\/\/dentaland.info\/\",\"logo\":{\"@type\":\"ImageObject\",\"inLanguage\":\"it-IT\",\"@id\":\"https:\/\/dentaland.info\/#\/schema\/logo\/image\/\",\"url\":\"https:\/\/dentaland.info\/wp-content\/uploads\/2019\/10\/dentaland-logo-beli.jpg\",\"contentUrl\":\"https:\/\/dentaland.info\/wp-content\/uploads\/2019\/10\/dentaland-logo-beli.jpg\",\"width\":512,\"height\":512,\"caption\":\"Stomatolo\u0161ka poliklinika Dentaland\"},\"image\":{\"@id\":\"https:\/\/dentaland.info\/#\/schema\/logo\/image\/\"},\"sameAs\":[\"https:\/\/www.facebook.com\/dentaland.poliklinika\",\"https:\/\/www.instagram.com\/dentalandns\/\"]}]}<\/script>\n<!-- \/ Yoast SEO plugin. -->","yoast_head_json":{"title":"Dentaland - Tim stomatolo\u0161ke poliklinike Dentaland - Dental Clinic","description":"Tim stomatolo\u0161ke poliklinike Dentaland Novi Sad. Svakom pacijentu \u017eelimo da pru\u017eimo maksimalnu pa\u017enju i visoku stru\u010dnost.","robots":{"index":"index","follow":"follow","max-snippet":"max-snippet:-1","max-image-preview":"max-image-preview:large","max-video-preview":"max-video-preview:-1"},"canonical":"http:\/\/dentaland.info\/it\/nostro-team\/","og_locale":"it_IT","og_type":"article","og_title":"Dentaland - Tim stomatolo\u0161ke poliklinike Dentaland - Dental Clinic","og_description":"Tim stomatolo\u0161ke poliklinike Dentaland Novi Sad. Svakom pacijentu \u017eelimo da pru\u017eimo maksimalnu pa\u017enju i visoku stru\u010dnost.","og_url":"http:\/\/dentaland.info\/it\/nostro-team\/","og_site_name":"Dentaland","article_publisher":"https:\/\/www.facebook.com\/dentaland.poliklinika","article_modified_time":"2018-11-08T08:01:06+00:00","twitter_card":"summary_large_image","twitter_title":"Dentaland - Tim stomatolo\u0161ke poliklinike Dentaland - Dental Clinic","twitter_description":"Tim stomatolo\u0161ke poliklinike Dentaland Novi Sad. Svakom pacijentu \u017eelimo da pru\u017eimo maksimalnu pa\u017enju i visoku stru\u010dnost.","schema":{"@context":"https:\/\/schema.org","@graph":[{"@type":"WebPage","@id":"http:\/\/dentaland.info\/it\/nostro-team\/","url":"http:\/\/dentaland.info\/it\/nostro-team\/","name":"Dentaland - Tim stomatolo\u0161ke poliklinike Dentaland - Dental Clinic","isPartOf":{"@id":"https:\/\/dentaland.info\/#website"},"datePublished":"2018-11-08T08:00:43+00:00","dateModified":"2018-11-08T08:01:06+00:00","description":"Tim stomatolo\u0161ke poliklinike Dentaland Novi Sad. Svakom pacijentu \u017eelimo da pru\u017eimo maksimalnu pa\u017enju i visoku stru\u010dnost.","breadcrumb":{"@id":"http:\/\/dentaland.info\/it\/nostro-team\/#breadcrumb"},"inLanguage":"it-IT","potentialAction":[{"@type":"ReadAction","target":["http:\/\/dentaland.info\/it\/nostro-team\/"]}]},{"@type":"BreadcrumbList","@id":"http:\/\/dentaland.info\/it\/nostro-team\/#breadcrumb","itemListElement":[{"@type":"ListItem","position":1,"name":"Po\u010detna","item":"https:\/\/dentaland.info\/it\/"},{"@type":"ListItem","position":2,"name":"Nostro Team"}]},{"@type":"WebSite","@id":"https:\/\/dentaland.info\/#website","url":"https:\/\/dentaland.info\/","name":"Dentaland","description":"Stomatolo\u0161ka klinika","publisher":{"@id":"https:\/\/dentaland.info\/#organization"},"potentialAction":[{"@type":"SearchAction","target":{"@type":"EntryPoint","urlTemplate":"https:\/\/dentaland.info\/?s={search_term_string}"},"query-input":{"@type":"PropertyValueSpecification","valueRequired":true,"valueName":"search_term_string"}}],"inLanguage":"it-IT"},{"@type":"Organization","@id":"https:\/\/dentaland.info\/#organization","name":"Stomatolo\u0161ka poliklinika Dentaland","url":"https:\/\/dentaland.info\/","logo":{"@type":"ImageObject","inLanguage":"it-IT","@id":"https:\/\/dentaland.info\/#\/schema\/logo\/image\/","url":"https:\/\/dentaland.info\/wp-content\/uploads\/2019\/10\/dentaland-logo-beli.jpg","contentUrl":"https:\/\/dentaland.info\/wp-content\/uploads\/2019\/10\/dentaland-logo-beli.jpg","width":512,"height":512,"caption":"Stomatolo\u0161ka poliklinika Dentaland"},"image":{"@id":"https:\/\/dentaland.info\/#\/schema\/logo\/image\/"},"sameAs":["https:\/\/www.facebook.com\/dentaland.poliklinika","https:\/\/www.instagram.com\/dentalandns\/"]}]}},"_links":{"self":[{"href":"http:\/\/dentaland.info\/it\/wp-json\/wp\/v2\/pages\/1280","targetHints":{"allow":["GET"]}}],"collection":[{"href":"http:\/\/dentaland.info\/it\/wp-json\/wp\/v2\/pages"}],"about":[{"href":"http:\/\/dentaland.info\/it\/wp-json\/wp\/v2\/types\/page"}],"author":[{"embeddable":true,"href":"http:\/\/dentaland.info\/it\/wp-json\/wp\/v2\/users\/2"}],"replies":[{"embeddable":true,"href":"http:\/\/dentaland.info\/it\/wp-json\/wp\/v2\/comments?post=1280"}],"version-history":[{"count":2,"href":"http:\/\/dentaland.info\/it\/wp-json\/wp\/v2\/pages\/1280\/revisions"}],"predecessor-version":[{"id":1282,"href":"http:\/\/dentaland.info\/it\/wp-json\/wp\/v2\/pages\/1280\/revisions\/1282"}],"wp:attachment":[{"href":"http:\/\/dentaland.info\/it\/wp-json\/wp\/v2\/media?parent=1280"}],"curies":[{"name":"wp","href":"https:\/\/api.w.org\/{rel}","templated":true}]}}