{"id":1310,"date":"2018-11-08T09:06:42","date_gmt":"2018-11-08T09:06:42","guid":{"rendered":"http:\/\/dentaland.info\/?page_id=1310"},"modified":"2018-11-16T13:57:03","modified_gmt":"2018-11-16T12:57:03","slug":"zahnmedizintourismus","status":"publish","type":"page","link":"https:\/\/dentaland.info\/de\/zahnmedizintourismus\/","title":{"rendered":"Zahnmedizintourismus"},"content":{"rendered":"<h3>Aufnahme von ausl\u00e4ndischen Patienten und ihre Behandlung<\/h3>\n<p>In letzter Zeit besuchen Patienten aus dem Ausland Dentaland immer mehr. Anfangs waren es unsere Staatsb\u00fcrger, die im Ausland vor\u00fcbergehend arbeiten, w\u00e4hrend ausl\u00e4ndische Staatsb\u00fcrger jetzt immer mehr zu uns auf Empfehlung von ihren Freunden kommen, Auskunft bekommen wollen oder mit uns \u00fcbers Internet (unsere Internetseite), per E-Mail oder telephonisch in Kontakt treten.<\/p>\n<p>Die Kommunikation zwischen den ausl\u00e4ndischen Patienten und unserer Praxis funktioniert gut, weil bei uns alle \u00c4rzte Englisch beherrschen, w\u00e4hrend die zwei stomatologische Schwester zus\u00e4tzlich noch Ungarisch sprechen. Wenn n\u00f6tig, angagieren wir auch proffessionelle Dolmetscher f\u00fcr andere Sprachen.<\/p>\n<p>Die Kommunikation mit den Patienten per E-Mail zeigte sich als sehr erfolgreich. Es ist \u00fcblich, dass ein Patient zun\u00e4chst sein Problem darstellt und uns mit seinen Bed\u00fcrfnissen kennen lernt. Danach wird die OPT Aufnahme beider Kiefer gemacht, damit wir Einsicht in den Zustand der Z\u00e4hne und umgebenden Strukturen bekommen. \u00dcblicherweise \u00fcbersenden die Patienten ihre RTG Aufnahmen per E-Mail. Wenn die Aufnahme in die Praxis eintrifft, unser Team beginnt mit der Analyse des Falls und erstellt den ersten Behandlungsplan. Der Patient wird schnell benachtichtigt \u00fcber: die durchzuf\u00fchrende Intervention, die Dauer der Behandlung, wie oft er in die Praxis kommen sollte und wie die Preise sind. Aufgrund des vorgelegten Plans und Informationen trifft der Patient die Entscheidung \u00fcber die eventuelle Annahme der beschriebenen stomatologischen Dienstleistungen und der Behandlung. Wenn der Patient mit der Bahandlung einverstanden ist, werden die Termine vereinbart. Und schlie\u00dflich, wenn die Z\u00e4hne erfolgreich behandelt sind wird die n\u00e4chste Kontrolluntersuchung vereinbart.<\/p>\n<p>Eine Anzahl unserer Staatsb\u00fcrger, die in anderen L\u00e4ndern leben und arbeiten, besuchen zu staatlichen Feiertagen und im Urlaub ihre Freunde und Verwandte und machen sich die Freizeit im Heimatland zunutze, um ihre Z\u00e4hne behandeln zu lassen.<\/p>\n<p>Ausl\u00e4ndischen Staatsb\u00fcrgern, die keine Bekannten und Verwandten in Serbien haben, empfehlen wir die Unterkunft im kleinen Luxushotel MEDITERANEO (<a href=\"file:\/\/\/C:\/Documents%20and%20Settings\/bojana\/Desktop\/prevodi%20dentaland\/stomatoloskiturizam_prevod.doc\" target=\"_blank\" rel=\"noopener\">www.hotelmediteraneo.rs<\/a>), das im Zentrum von Novi Sad liegt. Au\u00dferdem ist DENTALAND nur 10 Gehminuten, genauer gesagt, 10 Minuten angenehmen Spazierang durch die Fu\u00dfg\u00e4ngerzone unserer Stadt, vom Hotel entfernt.<\/p>\n<p>&nbsp;<\/p>\n<p><img loading=\"lazy\" decoding=\"async\" class=\"size-medium wp-image-856 aligncenter\" src=\"http:\/\/dentaland.info\/wp-content\/uploads\/2018\/11\/novisaddentaland-300x201.jpg\" alt=\"\" width=\"300\" height=\"201\" srcset=\"https:\/\/dentaland.info\/wp-content\/uploads\/2018\/11\/novisaddentaland-300x201.jpg 300w, https:\/\/dentaland.info\/wp-content\/uploads\/2018\/11\/novisaddentaland.jpg 480w\" sizes=\"auto, (max-width: 300px) 100vw, 300px\" \/><\/p>\n","protected":false},"excerpt":{"rendered":"<p>Aufnahme von ausl\u00e4ndischen Patienten und ihre Behandlung In letzter Zeit besuchen Patienten aus dem Ausland Dentaland immer mehr. Anfangs waren es unsere Staatsb\u00fcrger, die im Ausland vor\u00fcbergehend arbeiten, w\u00e4hrend ausl\u00e4ndische Staatsb\u00fcrger jetzt immer mehr zu uns auf Empfehlung von ihren Freunden kommen, Auskunft bekommen wollen oder mit uns \u00fcbers Internet (unsere Internetseite), per E-Mail oder\u2026<br \/> <a class = \"read-more\" href=\"https:\/\/dentaland.info\/de\/zahnmedizintourismus\/\">Op\u0161irnije &raquo;<\/a><\/p>\n","protected":false},"author":2,"featured_media":0,"parent":0,"menu_order":0,"comment_status":"closed","ping_status":"closed","template":"template-parts\/template-flexible.php","meta":{"_acf_changed":false,"footnotes":""},"class_list":["post-1310","page","type-page","status-publish","hentry"],"acf":[],"yoast_head":"<!-- This site is optimized with the Yoast SEO plugin v25.8 - https:\/\/yoast.com\/wordpress\/plugins\/seo\/ -->\n<title>Dentalni turizam - Dentaland - Novi Sad - Dental Clinic<\/title>\n<meta name=\"description\" content=\"Dentalni turizam Novi Sad. Dentaland - Stomatolo\u0161ka poliklinika - Detal Clinic. Prijem pacijenata iz inostranstva. Obilazak Novog Sada. Druge pogodnosti.\" \/>\n<meta name=\"robots\" content=\"index, follow, max-snippet:-1, max-image-preview:large, max-video-preview:-1\" \/>\n<link rel=\"canonical\" href=\"https:\/\/dentaland.info\/de\/zahnmedizintourismus\/\" \/>\n<meta property=\"og:locale\" content=\"de_DE\" \/>\n<meta property=\"og:type\" content=\"article\" \/>\n<meta property=\"og:title\" content=\"Dentalni turizam - Dentaland - Novi Sad - Dental Clinic\" \/>\n<meta property=\"og:description\" content=\"Dntalni turizam Novi Sad. Dentaland - Stomatolo\u0161ka poliklinika - Detal Clinic. Prijem pacijenata iz inostranstva. Obilazak Novog Sada. Druge pogodnosti.\" \/>\n<meta property=\"og:url\" content=\"https:\/\/dentaland.info\/de\/zahnmedizintourismus\/\" \/>\n<meta property=\"og:site_name\" content=\"Dentaland\" \/>\n<meta property=\"article:publisher\" content=\"https:\/\/www.facebook.com\/dentaland.poliklinika\" \/>\n<meta property=\"article:modified_time\" content=\"2018-11-16T12:57:03+00:00\" \/>\n<meta property=\"og:image\" content=\"http:\/\/dentaland.info\/wp-content\/uploads\/2018\/11\/novisaddentaland-300x201.jpg\" \/>\n<meta name=\"twitter:card\" content=\"summary_large_image\" \/>\n<meta name=\"twitter:title\" content=\"Dentalni turizam - Dentaland - Novi Sad - Dental Clinic\" \/>\n<meta name=\"twitter:description\" content=\"Detalni turizam Novi Sad. Dentaland - Stomatolo\u0161ka poliklinika - Detal Clinic. Prijem pacijenata iz inostranstva. Obilazak Novog Sada. Druge pogodnosti.\" \/>\n<meta name=\"twitter:label1\" content=\"Gesch\u00e4tzte Lesezeit\" \/>\n\t<meta name=\"twitter:data1\" content=\"2\u00a0Minuten\" \/>\n<script type=\"application\/ld+json\" class=\"yoast-schema-graph\">{\"@context\":\"https:\/\/schema.org\",\"@graph\":[{\"@type\":\"WebPage\",\"@id\":\"https:\/\/dentaland.info\/de\/zahnmedizintourismus\/\",\"url\":\"https:\/\/dentaland.info\/de\/zahnmedizintourismus\/\",\"name\":\"Dentalni turizam - Dentaland - Novi Sad - Dental Clinic\",\"isPartOf\":{\"@id\":\"http:\/\/dentaland.info\/#website\"},\"primaryImageOfPage\":{\"@id\":\"https:\/\/dentaland.info\/de\/zahnmedizintourismus\/#primaryimage\"},\"image\":{\"@id\":\"https:\/\/dentaland.info\/de\/zahnmedizintourismus\/#primaryimage\"},\"thumbnailUrl\":\"http:\/\/dentaland.info\/wp-content\/uploads\/2018\/11\/novisaddentaland-300x201.jpg\",\"datePublished\":\"2018-11-08T09:06:42+00:00\",\"dateModified\":\"2018-11-16T12:57:03+00:00\",\"description\":\"Dentalni turizam Novi Sad. Dentaland - Stomatolo\u0161ka poliklinika - Detal Clinic. Prijem pacijenata iz inostranstva. Obilazak Novog Sada. Druge pogodnosti.\",\"breadcrumb\":{\"@id\":\"https:\/\/dentaland.info\/de\/zahnmedizintourismus\/#breadcrumb\"},\"inLanguage\":\"de\",\"potentialAction\":[{\"@type\":\"ReadAction\",\"target\":[\"https:\/\/dentaland.info\/de\/zahnmedizintourismus\/\"]}]},{\"@type\":\"ImageObject\",\"inLanguage\":\"de\",\"@id\":\"https:\/\/dentaland.info\/de\/zahnmedizintourismus\/#primaryimage\",\"url\":\"http:\/\/dentaland.info\/wp-content\/uploads\/2018\/11\/novisaddentaland-300x201.jpg\",\"contentUrl\":\"http:\/\/dentaland.info\/wp-content\/uploads\/2018\/11\/novisaddentaland-300x201.jpg\"},{\"@type\":\"BreadcrumbList\",\"@id\":\"https:\/\/dentaland.info\/de\/zahnmedizintourismus\/#breadcrumb\",\"itemListElement\":[{\"@type\":\"ListItem\",\"position\":1,\"name\":\"Po\u010detna\",\"item\":\"https:\/\/dentaland.info\/de\/\"},{\"@type\":\"ListItem\",\"position\":2,\"name\":\"Zahnmedizintourismus\"}]},{\"@type\":\"WebSite\",\"@id\":\"http:\/\/dentaland.info\/#website\",\"url\":\"http:\/\/dentaland.info\/\",\"name\":\"Dentaland\",\"description\":\"Stomatolo\u0161ka klinika\",\"publisher\":{\"@id\":\"http:\/\/dentaland.info\/#organization\"},\"potentialAction\":[{\"@type\":\"SearchAction\",\"target\":{\"@type\":\"EntryPoint\",\"urlTemplate\":\"http:\/\/dentaland.info\/?s={search_term_string}\"},\"query-input\":{\"@type\":\"PropertyValueSpecification\",\"valueRequired\":true,\"valueName\":\"search_term_string\"}}],\"inLanguage\":\"de\"},{\"@type\":\"Organization\",\"@id\":\"http:\/\/dentaland.info\/#organization\",\"name\":\"Stomatolo\u0161ka poliklinika Dentaland\",\"url\":\"http:\/\/dentaland.info\/\",\"logo\":{\"@type\":\"ImageObject\",\"inLanguage\":\"de\",\"@id\":\"http:\/\/dentaland.info\/#\/schema\/logo\/image\/\",\"url\":\"https:\/\/dentaland.info\/wp-content\/uploads\/2019\/10\/dentaland-logo-beli.jpg\",\"contentUrl\":\"https:\/\/dentaland.info\/wp-content\/uploads\/2019\/10\/dentaland-logo-beli.jpg\",\"width\":512,\"height\":512,\"caption\":\"Stomatolo\u0161ka poliklinika Dentaland\"},\"image\":{\"@id\":\"http:\/\/dentaland.info\/#\/schema\/logo\/image\/\"},\"sameAs\":[\"https:\/\/www.facebook.com\/dentaland.poliklinika\",\"https:\/\/www.instagram.com\/dentalandns\/\"]}]}<\/script>\n<!-- \/ Yoast SEO plugin. -->","yoast_head_json":{"title":"Dentalni turizam - Dentaland - Novi Sad - Dental Clinic","description":"Dentalni turizam Novi Sad. Dentaland - Stomatolo\u0161ka poliklinika - Detal Clinic. Prijem pacijenata iz inostranstva. Obilazak Novog Sada. Druge pogodnosti.","robots":{"index":"index","follow":"follow","max-snippet":"max-snippet:-1","max-image-preview":"max-image-preview:large","max-video-preview":"max-video-preview:-1"},"canonical":"https:\/\/dentaland.info\/de\/zahnmedizintourismus\/","og_locale":"de_DE","og_type":"article","og_title":"Dentalni turizam - Dentaland - Novi Sad - Dental Clinic","og_description":"Dntalni turizam Novi Sad. Dentaland - Stomatolo\u0161ka poliklinika - Detal Clinic. Prijem pacijenata iz inostranstva. Obilazak Novog Sada. Druge pogodnosti.","og_url":"https:\/\/dentaland.info\/de\/zahnmedizintourismus\/","og_site_name":"Dentaland","article_publisher":"https:\/\/www.facebook.com\/dentaland.poliklinika","article_modified_time":"2018-11-16T12:57:03+00:00","og_image":[{"url":"http:\/\/dentaland.info\/wp-content\/uploads\/2018\/11\/novisaddentaland-300x201.jpg","type":"","width":"","height":""}],"twitter_card":"summary_large_image","twitter_title":"Dentalni turizam - Dentaland - Novi Sad - Dental Clinic","twitter_description":"Detalni turizam Novi Sad. Dentaland - Stomatolo\u0161ka poliklinika - Detal Clinic. Prijem pacijenata iz inostranstva. Obilazak Novog Sada. Druge pogodnosti.","twitter_misc":{"Gesch\u00e4tzte Lesezeit":"2\u00a0Minuten"},"schema":{"@context":"https:\/\/schema.org","@graph":[{"@type":"WebPage","@id":"https:\/\/dentaland.info\/de\/zahnmedizintourismus\/","url":"https:\/\/dentaland.info\/de\/zahnmedizintourismus\/","name":"Dentalni turizam - Dentaland - Novi Sad - Dental Clinic","isPartOf":{"@id":"http:\/\/dentaland.info\/#website"},"primaryImageOfPage":{"@id":"https:\/\/dentaland.info\/de\/zahnmedizintourismus\/#primaryimage"},"image":{"@id":"https:\/\/dentaland.info\/de\/zahnmedizintourismus\/#primaryimage"},"thumbnailUrl":"http:\/\/dentaland.info\/wp-content\/uploads\/2018\/11\/novisaddentaland-300x201.jpg","datePublished":"2018-11-08T09:06:42+00:00","dateModified":"2018-11-16T12:57:03+00:00","description":"Dentalni turizam Novi Sad. Dentaland - Stomatolo\u0161ka poliklinika - Detal Clinic. Prijem pacijenata iz inostranstva. Obilazak Novog Sada. Druge pogodnosti.","breadcrumb":{"@id":"https:\/\/dentaland.info\/de\/zahnmedizintourismus\/#breadcrumb"},"inLanguage":"de","potentialAction":[{"@type":"ReadAction","target":["https:\/\/dentaland.info\/de\/zahnmedizintourismus\/"]}]},{"@type":"ImageObject","inLanguage":"de","@id":"https:\/\/dentaland.info\/de\/zahnmedizintourismus\/#primaryimage","url":"http:\/\/dentaland.info\/wp-content\/uploads\/2018\/11\/novisaddentaland-300x201.jpg","contentUrl":"http:\/\/dentaland.info\/wp-content\/uploads\/2018\/11\/novisaddentaland-300x201.jpg"},{"@type":"BreadcrumbList","@id":"https:\/\/dentaland.info\/de\/zahnmedizintourismus\/#breadcrumb","itemListElement":[{"@type":"ListItem","position":1,"name":"Po\u010detna","item":"https:\/\/dentaland.info\/de\/"},{"@type":"ListItem","position":2,"name":"Zahnmedizintourismus"}]},{"@type":"WebSite","@id":"http:\/\/dentaland.info\/#website","url":"http:\/\/dentaland.info\/","name":"Dentaland","description":"Stomatolo\u0161ka klinika","publisher":{"@id":"http:\/\/dentaland.info\/#organization"},"potentialAction":[{"@type":"SearchAction","target":{"@type":"EntryPoint","urlTemplate":"http:\/\/dentaland.info\/?s={search_term_string}"},"query-input":{"@type":"PropertyValueSpecification","valueRequired":true,"valueName":"search_term_string"}}],"inLanguage":"de"},{"@type":"Organization","@id":"http:\/\/dentaland.info\/#organization","name":"Stomatolo\u0161ka poliklinika Dentaland","url":"http:\/\/dentaland.info\/","logo":{"@type":"ImageObject","inLanguage":"de","@id":"http:\/\/dentaland.info\/#\/schema\/logo\/image\/","url":"https:\/\/dentaland.info\/wp-content\/uploads\/2019\/10\/dentaland-logo-beli.jpg","contentUrl":"https:\/\/dentaland.info\/wp-content\/uploads\/2019\/10\/dentaland-logo-beli.jpg","width":512,"height":512,"caption":"Stomatolo\u0161ka poliklinika Dentaland"},"image":{"@id":"http:\/\/dentaland.info\/#\/schema\/logo\/image\/"},"sameAs":["https:\/\/www.facebook.com\/dentaland.poliklinika","https:\/\/www.instagram.com\/dentalandns\/"]}]}},"_links":{"self":[{"href":"https:\/\/dentaland.info\/de\/wp-json\/wp\/v2\/pages\/1310","targetHints":{"allow":["GET"]}}],"collection":[{"href":"https:\/\/dentaland.info\/de\/wp-json\/wp\/v2\/pages"}],"about":[{"href":"https:\/\/dentaland.info\/de\/wp-json\/wp\/v2\/types\/page"}],"author":[{"embeddable":true,"href":"https:\/\/dentaland.info\/de\/wp-json\/wp\/v2\/users\/2"}],"replies":[{"embeddable":true,"href":"https:\/\/dentaland.info\/de\/wp-json\/wp\/v2\/comments?post=1310"}],"version-history":[{"count":3,"href":"https:\/\/dentaland.info\/de\/wp-json\/wp\/v2\/pages\/1310\/revisions"}],"predecessor-version":[{"id":3276,"href":"https:\/\/dentaland.info\/de\/wp-json\/wp\/v2\/pages\/1310\/revisions\/3276"}],"wp:attachment":[{"href":"https:\/\/dentaland.info\/de\/wp-json\/wp\/v2\/media?parent=1310"}],"curies":[{"name":"wp","href":"https:\/\/api.w.org\/{rel}","templated":true}]}}