{"id":1257,"date":"2018-11-07T12:35:53","date_gmt":"2018-11-07T12:35:53","guid":{"rendered":"http:\/\/dentaland.info\/?page_id=1257"},"modified":"2023-02-26T11:51:06","modified_gmt":"2023-02-26T10:51:06","slug":"about-us","status":"publish","type":"page","link":"https:\/\/dentaland.info\/en\/about-us\/","title":{"rendered":"About us"},"content":{"rendered":"<p><strong>Dental clinic DENTALAND<\/strong>\u00a0was established in 2006 in Novi Sad. The wish of the founders was to unite their extensive experience gained in private practice, at the dentistry clinic and abroad, in order to offer patients the best dental services according to the standards of the developed world.a<\/p>\n<p>&nbsp;<\/p>\n<p><strong>The founders of the DENTALAND are:<\/strong><\/p>\n<p><strong>Dr. Danijela Ivanovic \u2013 specialist in the field of\u00a0<\/strong><strong>periodontal diseases and oral medicine<\/strong><\/p>\n<p><strong>Dr. Branislava Velicki Bozejac \u2013\u00a0<\/strong><strong>specialist in the field of\u00a0<\/strong><strong>teeth disease and endodontics<\/strong><\/p>\n<p><strong>Dr. Zoran Bozejac \u2013\u00a0<\/strong><strong>specialist in the field of\u00a0<\/strong><strong>oral surgery and implantology<\/strong><\/p>\n<p>In our team there are numerous expert consultants in the area of: prosthetics, children\u2019s dentistry and orthopedics of the jaws.<\/p>\n<p><strong>OUR MISSION<\/strong><\/p>\n<p><strong>EACH PATIENT GETS OUR MAXIMUM DEDICATION, BECAUSE HEALTH AND AESTHETICS OF OUR\u00a0<\/strong><strong>PATIENT\u2019S\u00a0 TEETH\u00a0 ARE\u00a0<\/strong><strong>THE ONLY MEASURE OF OUR WORK AND SUCCESS.<\/strong><\/p>\n","protected":false},"excerpt":{"rendered":"<p>Dental clinic DENTALAND\u00a0was established in 2006 in Novi Sad. The wish of the founders was to unite their extensive experience gained in private practice, at the dentistry clinic and abroad, in order to offer patients the best dental services according to the standards of the developed world.a &nbsp; The founders of the DENTALAND are: Dr.\u2026<br \/> <a class = \"read-more\" href=\"https:\/\/dentaland.info\/en\/about-us\/\">Op\u0161irnije &raquo;<\/a><\/p>\n","protected":false},"author":2,"featured_media":0,"parent":0,"menu_order":0,"comment_status":"closed","ping_status":"closed","template":"template-parts\/template-flexible.php","meta":{"_acf_changed":false,"footnotes":""},"class_list":["post-1257","page","type-page","status-publish","hentry"],"acf":[],"yoast_head":"<!-- This site is optimized with the Yoast SEO plugin v25.8 - https:\/\/yoast.com\/wordpress\/plugins\/seo\/ -->\n<title>O nama - Stomatolo\u0161ka poliklinka Dentaland - Dental Clinic<\/title>\n<meta name=\"description\" content=\"Stomatolo\u0161ka poliklinika Dentaland - Dental Clinic - Novi Sad. Vi\u0161egodi\u0161nje iskustvo u privatnoj praksi u Srbiji i inostranstvu.\" \/>\n<meta name=\"robots\" content=\"index, follow, max-snippet:-1, max-image-preview:large, max-video-preview:-1\" \/>\n<link rel=\"canonical\" href=\"http:\/\/dentaland.info\/en\/about-us\/\" \/>\n<meta property=\"og:locale\" content=\"en_US\" \/>\n<meta property=\"og:type\" content=\"article\" \/>\n<meta property=\"og:title\" content=\"O nama - Stomatolo\u0161ka poliklinka Dentaland - Dental Clinic\" \/>\n<meta property=\"og:description\" content=\"Stomatolo\u0161ka poliklinika Dentaland - Dental Clinic - Novi Sad. Vi\u0161egodi\u0161nje iskustvo u privatnoj praksi u Srbiji i inostranstvu.\" \/>\n<meta property=\"og:url\" content=\"http:\/\/dentaland.info\/en\/about-us\/\" \/>\n<meta property=\"og:site_name\" content=\"Dentaland\" \/>\n<meta property=\"article:publisher\" content=\"https:\/\/www.facebook.com\/dentaland.poliklinika\" \/>\n<meta property=\"article:modified_time\" content=\"2023-02-26T10:51:06+00:00\" \/>\n<meta name=\"twitter:card\" content=\"summary_large_image\" \/>\n<meta name=\"twitter:title\" content=\"O nama - Stomatolo\u0161ka poliklinka Dentaland - Dental Clinic\" \/>\n<meta name=\"twitter:description\" content=\"Stomatolo\u0161ka poliklinika Dentaland - Dental Clinic - Novi Sad. Vi\u0161egodi\u0161nje iskustvo u privatnoj praksi u Srbiji i inostranstvu.\" \/>\n<meta name=\"twitter:label1\" content=\"Est. reading time\" \/>\n\t<meta name=\"twitter:data1\" content=\"1 minute\" \/>\n<script type=\"application\/ld+json\" class=\"yoast-schema-graph\">{\"@context\":\"https:\/\/schema.org\",\"@graph\":[{\"@type\":\"WebPage\",\"@id\":\"http:\/\/dentaland.info\/en\/about-us\/\",\"url\":\"http:\/\/dentaland.info\/en\/about-us\/\",\"name\":\"O nama - Stomatolo\u0161ka poliklinka Dentaland - Dental Clinic\",\"isPartOf\":{\"@id\":\"http:\/\/dentaland.info\/#website\"},\"datePublished\":\"2018-11-07T12:35:53+00:00\",\"dateModified\":\"2023-02-26T10:51:06+00:00\",\"description\":\"Stomatolo\u0161ka poliklinika Dentaland - Dental Clinic - Novi Sad. Vi\u0161egodi\u0161nje iskustvo u privatnoj praksi u Srbiji i inostranstvu.\",\"breadcrumb\":{\"@id\":\"http:\/\/dentaland.info\/en\/about-us\/#breadcrumb\"},\"inLanguage\":\"en-US\",\"potentialAction\":[{\"@type\":\"ReadAction\",\"target\":[\"http:\/\/dentaland.info\/en\/about-us\/\"]}]},{\"@type\":\"BreadcrumbList\",\"@id\":\"http:\/\/dentaland.info\/en\/about-us\/#breadcrumb\",\"itemListElement\":[{\"@type\":\"ListItem\",\"position\":1,\"name\":\"Po\u010detna\",\"item\":\"https:\/\/dentaland.info\/en\/\"},{\"@type\":\"ListItem\",\"position\":2,\"name\":\"About us\"}]},{\"@type\":\"WebSite\",\"@id\":\"http:\/\/dentaland.info\/#website\",\"url\":\"http:\/\/dentaland.info\/\",\"name\":\"Dentaland\",\"description\":\"Stomatolo\u0161ka klinika\",\"publisher\":{\"@id\":\"http:\/\/dentaland.info\/#organization\"},\"potentialAction\":[{\"@type\":\"SearchAction\",\"target\":{\"@type\":\"EntryPoint\",\"urlTemplate\":\"http:\/\/dentaland.info\/?s={search_term_string}\"},\"query-input\":{\"@type\":\"PropertyValueSpecification\",\"valueRequired\":true,\"valueName\":\"search_term_string\"}}],\"inLanguage\":\"en-US\"},{\"@type\":\"Organization\",\"@id\":\"http:\/\/dentaland.info\/#organization\",\"name\":\"Stomatolo\u0161ka poliklinika Dentaland\",\"url\":\"http:\/\/dentaland.info\/\",\"logo\":{\"@type\":\"ImageObject\",\"inLanguage\":\"en-US\",\"@id\":\"http:\/\/dentaland.info\/#\/schema\/logo\/image\/\",\"url\":\"https:\/\/dentaland.info\/wp-content\/uploads\/2019\/10\/dentaland-logo-beli.jpg\",\"contentUrl\":\"https:\/\/dentaland.info\/wp-content\/uploads\/2019\/10\/dentaland-logo-beli.jpg\",\"width\":512,\"height\":512,\"caption\":\"Stomatolo\u0161ka poliklinika Dentaland\"},\"image\":{\"@id\":\"http:\/\/dentaland.info\/#\/schema\/logo\/image\/\"},\"sameAs\":[\"https:\/\/www.facebook.com\/dentaland.poliklinika\",\"https:\/\/www.instagram.com\/dentalandns\/\"]}]}<\/script>\n<!-- \/ Yoast SEO plugin. -->","yoast_head_json":{"title":"O nama - Stomatolo\u0161ka poliklinka Dentaland - Dental Clinic","description":"Stomatolo\u0161ka poliklinika Dentaland - Dental Clinic - Novi Sad. Vi\u0161egodi\u0161nje iskustvo u privatnoj praksi u Srbiji i inostranstvu.","robots":{"index":"index","follow":"follow","max-snippet":"max-snippet:-1","max-image-preview":"max-image-preview:large","max-video-preview":"max-video-preview:-1"},"canonical":"http:\/\/dentaland.info\/en\/about-us\/","og_locale":"en_US","og_type":"article","og_title":"O nama - Stomatolo\u0161ka poliklinka Dentaland - Dental Clinic","og_description":"Stomatolo\u0161ka poliklinika Dentaland - Dental Clinic - Novi Sad. Vi\u0161egodi\u0161nje iskustvo u privatnoj praksi u Srbiji i inostranstvu.","og_url":"http:\/\/dentaland.info\/en\/about-us\/","og_site_name":"Dentaland","article_publisher":"https:\/\/www.facebook.com\/dentaland.poliklinika","article_modified_time":"2023-02-26T10:51:06+00:00","twitter_card":"summary_large_image","twitter_title":"O nama - Stomatolo\u0161ka poliklinka Dentaland - Dental Clinic","twitter_description":"Stomatolo\u0161ka poliklinika Dentaland - Dental Clinic - Novi Sad. Vi\u0161egodi\u0161nje iskustvo u privatnoj praksi u Srbiji i inostranstvu.","twitter_misc":{"Est. reading time":"1 minute"},"schema":{"@context":"https:\/\/schema.org","@graph":[{"@type":"WebPage","@id":"http:\/\/dentaland.info\/en\/about-us\/","url":"http:\/\/dentaland.info\/en\/about-us\/","name":"O nama - Stomatolo\u0161ka poliklinka Dentaland - Dental Clinic","isPartOf":{"@id":"http:\/\/dentaland.info\/#website"},"datePublished":"2018-11-07T12:35:53+00:00","dateModified":"2023-02-26T10:51:06+00:00","description":"Stomatolo\u0161ka poliklinika Dentaland - Dental Clinic - Novi Sad. Vi\u0161egodi\u0161nje iskustvo u privatnoj praksi u Srbiji i inostranstvu.","breadcrumb":{"@id":"http:\/\/dentaland.info\/en\/about-us\/#breadcrumb"},"inLanguage":"en-US","potentialAction":[{"@type":"ReadAction","target":["http:\/\/dentaland.info\/en\/about-us\/"]}]},{"@type":"BreadcrumbList","@id":"http:\/\/dentaland.info\/en\/about-us\/#breadcrumb","itemListElement":[{"@type":"ListItem","position":1,"name":"Po\u010detna","item":"https:\/\/dentaland.info\/en\/"},{"@type":"ListItem","position":2,"name":"About us"}]},{"@type":"WebSite","@id":"http:\/\/dentaland.info\/#website","url":"http:\/\/dentaland.info\/","name":"Dentaland","description":"Stomatolo\u0161ka klinika","publisher":{"@id":"http:\/\/dentaland.info\/#organization"},"potentialAction":[{"@type":"SearchAction","target":{"@type":"EntryPoint","urlTemplate":"http:\/\/dentaland.info\/?s={search_term_string}"},"query-input":{"@type":"PropertyValueSpecification","valueRequired":true,"valueName":"search_term_string"}}],"inLanguage":"en-US"},{"@type":"Organization","@id":"http:\/\/dentaland.info\/#organization","name":"Stomatolo\u0161ka poliklinika Dentaland","url":"http:\/\/dentaland.info\/","logo":{"@type":"ImageObject","inLanguage":"en-US","@id":"http:\/\/dentaland.info\/#\/schema\/logo\/image\/","url":"https:\/\/dentaland.info\/wp-content\/uploads\/2019\/10\/dentaland-logo-beli.jpg","contentUrl":"https:\/\/dentaland.info\/wp-content\/uploads\/2019\/10\/dentaland-logo-beli.jpg","width":512,"height":512,"caption":"Stomatolo\u0161ka poliklinika Dentaland"},"image":{"@id":"http:\/\/dentaland.info\/#\/schema\/logo\/image\/"},"sameAs":["https:\/\/www.facebook.com\/dentaland.poliklinika","https:\/\/www.instagram.com\/dentalandns\/"]}]}},"_links":{"self":[{"href":"https:\/\/dentaland.info\/en\/wp-json\/wp\/v2\/pages\/1257","targetHints":{"allow":["GET"]}}],"collection":[{"href":"https:\/\/dentaland.info\/en\/wp-json\/wp\/v2\/pages"}],"about":[{"href":"https:\/\/dentaland.info\/en\/wp-json\/wp\/v2\/types\/page"}],"author":[{"embeddable":true,"href":"https:\/\/dentaland.info\/en\/wp-json\/wp\/v2\/users\/2"}],"replies":[{"embeddable":true,"href":"https:\/\/dentaland.info\/en\/wp-json\/wp\/v2\/comments?post=1257"}],"version-history":[{"count":7,"href":"https:\/\/dentaland.info\/en\/wp-json\/wp\/v2\/pages\/1257\/revisions"}],"predecessor-version":[{"id":5681,"href":"https:\/\/dentaland.info\/en\/wp-json\/wp\/v2\/pages\/1257\/revisions\/5681"}],"wp:attachment":[{"href":"https:\/\/dentaland.info\/en\/wp-json\/wp\/v2\/media?parent=1257"}],"curies":[{"name":"wp","href":"https:\/\/api.w.org\/{rel}","templated":true}]}}