{"id":1264,"date":"2018-11-07T12:43:09","date_gmt":"2018-11-07T12:43:09","guid":{"rendered":"http:\/\/dentaland.info\/?page_id=1264"},"modified":"2023-02-26T11:51:25","modified_gmt":"2023-02-26T10:51:25","slug":"uber-uns","status":"publish","type":"page","link":"https:\/\/dentaland.info\/it\/uber-uns\/","title":{"rendered":"CHI Siamo"},"content":{"rendered":"<p><strong>Die stomatologische Poliklinik Dentaland<\/strong> wurde 2006 in Novi Sad gegr\u00fcndet. Die Gr\u00fcnder brachten ihre vielj\u00e4hrige Erfahrung, welche sie in Privatpraxis, in der Klinik f\u00fcr Stomatologie und im Ausland gesammelt haben, zusammen, um den Patienten die besten stomatologischen Dienstleistungen nach den Standarden der entwickelten Welt anzubieten.<\/p>\n<p><strong>Die Gr\u00fcnder der Poliklinik sind:<\/strong><\/p>\n<p>Dr Danijela Ivanovic \u2013 Fachzahn\u00e4rztin f\u00fcr Parodontologie und Oralmedizin<\/p>\n<p>Dr Branislava Velicki Bozejac \u2013 Fachzahn\u00e4rztin f\u00fcr Zahnkrankheiten und Endodontie<\/p>\n<p>Dr Zoran Bozejac \u2013 Fachzahnarzt f\u00fcr Oralchirurgie und Zahnimplantate<\/p>\n<p>Unser Team setzt sich auch aus mehreren Fachmitarbeitern aus dem Gebiet der Prothetik, Kinderstomatologie und Kieferorthop\u00e4die zusammen.<\/p>\n<p><img loading=\"lazy\" decoding=\"async\" class=\"alignnone size-medium wp-image-164\" src=\"http:\/\/dentaland.info\/wp-content\/uploads\/2018\/10\/onama-300x286.jpg\" alt=\"\" width=\"300\" height=\"286\" srcset=\"https:\/\/dentaland.info\/wp-content\/uploads\/2018\/10\/onama-300x286.jpg 300w, https:\/\/dentaland.info\/wp-content\/uploads\/2018\/10\/onama-768x732.jpg 768w, https:\/\/dentaland.info\/wp-content\/uploads\/2018\/10\/onama.jpg 827w\" sizes=\"auto, (max-width: 300px) 100vw, 300px\" \/><\/p>\n<h4><strong>UNSERE LEITIDEE<\/strong><\/h4>\n<p>Jedem Patienten werden maximale Aufmerksamkeit und Fachwissen entgegengebracht. Wir messen unser Erfolg an der Gesundheit und makellosemAussehen der Z\u00e4hne von unseren Kunden.<\/p>\n","protected":false},"excerpt":{"rendered":"<p>Die stomatologische Poliklinik Dentaland wurde 2006 in Novi Sad gegr\u00fcndet. Die Gr\u00fcnder brachten ihre vielj\u00e4hrige Erfahrung, welche sie in Privatpraxis, in der Klinik f\u00fcr Stomatologie und im Ausland gesammelt haben, zusammen, um den Patienten die besten stomatologischen Dienstleistungen nach den Standarden der entwickelten Welt anzubieten. Die Gr\u00fcnder der Poliklinik sind: Dr Danijela Ivanovic \u2013 Fachzahn\u00e4rztin\u2026<br \/> <a class = \"read-more\" href=\"https:\/\/dentaland.info\/it\/uber-uns\/\">Op\u0161irnije &raquo;<\/a><\/p>\n","protected":false},"author":2,"featured_media":0,"parent":0,"menu_order":0,"comment_status":"closed","ping_status":"closed","template":"template-parts\/template-flexible.php","meta":{"_acf_changed":false,"footnotes":""},"class_list":["post-1264","page","type-page","status-publish","hentry"],"acf":[],"yoast_head":"<!-- This site is optimized with the Yoast SEO plugin v25.8 - https:\/\/yoast.com\/wordpress\/plugins\/seo\/ -->\n<title>O nama - Stomatolo\u0161ka poliklinka Dentaland - Dental Clinic<\/title>\n<meta name=\"description\" content=\"Stomatolo\u0161ka poliklinika Dentaland - Dental Clinic - Novi Sad. Vi\u0161egodi\u0161nje iskustvo u privatnoj praksi u Srbiji i inostranstvu.\" \/>\n<meta name=\"robots\" content=\"index, follow, max-snippet:-1, max-image-preview:large, max-video-preview:-1\" \/>\n<link rel=\"canonical\" href=\"http:\/\/dentaland.info\/it\/uber-uns\/\" \/>\n<meta property=\"og:locale\" content=\"it_IT\" \/>\n<meta property=\"og:type\" content=\"article\" \/>\n<meta property=\"og:title\" content=\"O nama - Stomatolo\u0161ka poliklinka Dentaland - Dental Clinic\" \/>\n<meta property=\"og:description\" content=\"Stomatolo\u0161ka poliklinika Dentaland - Dental Clinic - Novi Sad. Vi\u0161egodi\u0161nje iskustvo u privatnoj praksi u Srbiji i inostranstvu.\" \/>\n<meta property=\"og:url\" content=\"http:\/\/dentaland.info\/it\/uber-uns\/\" \/>\n<meta property=\"og:site_name\" content=\"Dentaland\" \/>\n<meta property=\"article:publisher\" content=\"https:\/\/www.facebook.com\/dentaland.poliklinika\" \/>\n<meta property=\"article:modified_time\" content=\"2023-02-26T10:51:25+00:00\" \/>\n<meta property=\"og:image\" content=\"http:\/\/dentaland.info\/wp-content\/uploads\/2018\/10\/onama-300x286.jpg\" \/>\n<meta name=\"twitter:card\" content=\"summary_large_image\" \/>\n<meta name=\"twitter:title\" content=\"O nama - Stomatolo\u0161ka poliklinka Dentaland - Dental Clinic\" \/>\n<meta name=\"twitter:description\" content=\"Stomatolo\u0161ka poliklinika Dentaland - Dental Clinic - Novi Sad. Vi\u0161egodi\u0161nje iskustvo u privatnoj praksi u Srbiji i inostranstvu.\" \/>\n<meta name=\"twitter:label1\" content=\"Tempo di lettura stimato\" \/>\n\t<meta name=\"twitter:data1\" content=\"1 minuto\" \/>\n<script type=\"application\/ld+json\" class=\"yoast-schema-graph\">{\"@context\":\"https:\/\/schema.org\",\"@graph\":[{\"@type\":\"WebPage\",\"@id\":\"http:\/\/dentaland.info\/it\/uber-uns\/\",\"url\":\"http:\/\/dentaland.info\/it\/uber-uns\/\",\"name\":\"O nama - Stomatolo\u0161ka poliklinka Dentaland - Dental Clinic\",\"isPartOf\":{\"@id\":\"https:\/\/dentaland.info\/#website\"},\"primaryImageOfPage\":{\"@id\":\"http:\/\/dentaland.info\/it\/uber-uns\/#primaryimage\"},\"image\":{\"@id\":\"http:\/\/dentaland.info\/it\/uber-uns\/#primaryimage\"},\"thumbnailUrl\":\"http:\/\/dentaland.info\/wp-content\/uploads\/2018\/10\/onama-300x286.jpg\",\"datePublished\":\"2018-11-07T12:43:09+00:00\",\"dateModified\":\"2023-02-26T10:51:25+00:00\",\"description\":\"Stomatolo\u0161ka poliklinika Dentaland - Dental Clinic - Novi Sad. Vi\u0161egodi\u0161nje iskustvo u privatnoj praksi u Srbiji i inostranstvu.\",\"breadcrumb\":{\"@id\":\"http:\/\/dentaland.info\/it\/uber-uns\/#breadcrumb\"},\"inLanguage\":\"it-IT\",\"potentialAction\":[{\"@type\":\"ReadAction\",\"target\":[\"http:\/\/dentaland.info\/it\/uber-uns\/\"]}]},{\"@type\":\"ImageObject\",\"inLanguage\":\"it-IT\",\"@id\":\"http:\/\/dentaland.info\/it\/uber-uns\/#primaryimage\",\"url\":\"http:\/\/dentaland.info\/wp-content\/uploads\/2018\/10\/onama-300x286.jpg\",\"contentUrl\":\"http:\/\/dentaland.info\/wp-content\/uploads\/2018\/10\/onama-300x286.jpg\"},{\"@type\":\"BreadcrumbList\",\"@id\":\"http:\/\/dentaland.info\/it\/uber-uns\/#breadcrumb\",\"itemListElement\":[{\"@type\":\"ListItem\",\"position\":1,\"name\":\"Po\u010detna\",\"item\":\"https:\/\/dentaland.info\/it\/\"},{\"@type\":\"ListItem\",\"position\":2,\"name\":\"CHI Siamo\"}]},{\"@type\":\"WebSite\",\"@id\":\"https:\/\/dentaland.info\/#website\",\"url\":\"https:\/\/dentaland.info\/\",\"name\":\"Dentaland\",\"description\":\"Stomatolo\u0161ka klinika\",\"publisher\":{\"@id\":\"https:\/\/dentaland.info\/#organization\"},\"potentialAction\":[{\"@type\":\"SearchAction\",\"target\":{\"@type\":\"EntryPoint\",\"urlTemplate\":\"https:\/\/dentaland.info\/?s={search_term_string}\"},\"query-input\":{\"@type\":\"PropertyValueSpecification\",\"valueRequired\":true,\"valueName\":\"search_term_string\"}}],\"inLanguage\":\"it-IT\"},{\"@type\":\"Organization\",\"@id\":\"https:\/\/dentaland.info\/#organization\",\"name\":\"Stomatolo\u0161ka poliklinika Dentaland\",\"url\":\"https:\/\/dentaland.info\/\",\"logo\":{\"@type\":\"ImageObject\",\"inLanguage\":\"it-IT\",\"@id\":\"https:\/\/dentaland.info\/#\/schema\/logo\/image\/\",\"url\":\"https:\/\/dentaland.info\/wp-content\/uploads\/2019\/10\/dentaland-logo-beli.jpg\",\"contentUrl\":\"https:\/\/dentaland.info\/wp-content\/uploads\/2019\/10\/dentaland-logo-beli.jpg\",\"width\":512,\"height\":512,\"caption\":\"Stomatolo\u0161ka poliklinika Dentaland\"},\"image\":{\"@id\":\"https:\/\/dentaland.info\/#\/schema\/logo\/image\/\"},\"sameAs\":[\"https:\/\/www.facebook.com\/dentaland.poliklinika\",\"https:\/\/www.instagram.com\/dentalandns\/\"]}]}<\/script>\n<!-- \/ Yoast SEO plugin. -->","yoast_head_json":{"title":"O nama - Stomatolo\u0161ka poliklinka Dentaland - Dental Clinic","description":"Stomatolo\u0161ka poliklinika Dentaland - Dental Clinic - Novi Sad. Vi\u0161egodi\u0161nje iskustvo u privatnoj praksi u Srbiji i inostranstvu.","robots":{"index":"index","follow":"follow","max-snippet":"max-snippet:-1","max-image-preview":"max-image-preview:large","max-video-preview":"max-video-preview:-1"},"canonical":"http:\/\/dentaland.info\/it\/uber-uns\/","og_locale":"it_IT","og_type":"article","og_title":"O nama - Stomatolo\u0161ka poliklinka Dentaland - Dental Clinic","og_description":"Stomatolo\u0161ka poliklinika Dentaland - Dental Clinic - Novi Sad. Vi\u0161egodi\u0161nje iskustvo u privatnoj praksi u Srbiji i inostranstvu.","og_url":"http:\/\/dentaland.info\/it\/uber-uns\/","og_site_name":"Dentaland","article_publisher":"https:\/\/www.facebook.com\/dentaland.poliklinika","article_modified_time":"2023-02-26T10:51:25+00:00","og_image":[{"url":"http:\/\/dentaland.info\/wp-content\/uploads\/2018\/10\/onama-300x286.jpg","type":"","width":"","height":""}],"twitter_card":"summary_large_image","twitter_title":"O nama - Stomatolo\u0161ka poliklinka Dentaland - Dental Clinic","twitter_description":"Stomatolo\u0161ka poliklinika Dentaland - Dental Clinic - Novi Sad. Vi\u0161egodi\u0161nje iskustvo u privatnoj praksi u Srbiji i inostranstvu.","twitter_misc":{"Tempo di lettura stimato":"1 minuto"},"schema":{"@context":"https:\/\/schema.org","@graph":[{"@type":"WebPage","@id":"http:\/\/dentaland.info\/it\/uber-uns\/","url":"http:\/\/dentaland.info\/it\/uber-uns\/","name":"O nama - Stomatolo\u0161ka poliklinka Dentaland - Dental Clinic","isPartOf":{"@id":"https:\/\/dentaland.info\/#website"},"primaryImageOfPage":{"@id":"http:\/\/dentaland.info\/it\/uber-uns\/#primaryimage"},"image":{"@id":"http:\/\/dentaland.info\/it\/uber-uns\/#primaryimage"},"thumbnailUrl":"http:\/\/dentaland.info\/wp-content\/uploads\/2018\/10\/onama-300x286.jpg","datePublished":"2018-11-07T12:43:09+00:00","dateModified":"2023-02-26T10:51:25+00:00","description":"Stomatolo\u0161ka poliklinika Dentaland - Dental Clinic - Novi Sad. Vi\u0161egodi\u0161nje iskustvo u privatnoj praksi u Srbiji i inostranstvu.","breadcrumb":{"@id":"http:\/\/dentaland.info\/it\/uber-uns\/#breadcrumb"},"inLanguage":"it-IT","potentialAction":[{"@type":"ReadAction","target":["http:\/\/dentaland.info\/it\/uber-uns\/"]}]},{"@type":"ImageObject","inLanguage":"it-IT","@id":"http:\/\/dentaland.info\/it\/uber-uns\/#primaryimage","url":"http:\/\/dentaland.info\/wp-content\/uploads\/2018\/10\/onama-300x286.jpg","contentUrl":"http:\/\/dentaland.info\/wp-content\/uploads\/2018\/10\/onama-300x286.jpg"},{"@type":"BreadcrumbList","@id":"http:\/\/dentaland.info\/it\/uber-uns\/#breadcrumb","itemListElement":[{"@type":"ListItem","position":1,"name":"Po\u010detna","item":"https:\/\/dentaland.info\/it\/"},{"@type":"ListItem","position":2,"name":"CHI Siamo"}]},{"@type":"WebSite","@id":"https:\/\/dentaland.info\/#website","url":"https:\/\/dentaland.info\/","name":"Dentaland","description":"Stomatolo\u0161ka klinika","publisher":{"@id":"https:\/\/dentaland.info\/#organization"},"potentialAction":[{"@type":"SearchAction","target":{"@type":"EntryPoint","urlTemplate":"https:\/\/dentaland.info\/?s={search_term_string}"},"query-input":{"@type":"PropertyValueSpecification","valueRequired":true,"valueName":"search_term_string"}}],"inLanguage":"it-IT"},{"@type":"Organization","@id":"https:\/\/dentaland.info\/#organization","name":"Stomatolo\u0161ka poliklinika Dentaland","url":"https:\/\/dentaland.info\/","logo":{"@type":"ImageObject","inLanguage":"it-IT","@id":"https:\/\/dentaland.info\/#\/schema\/logo\/image\/","url":"https:\/\/dentaland.info\/wp-content\/uploads\/2019\/10\/dentaland-logo-beli.jpg","contentUrl":"https:\/\/dentaland.info\/wp-content\/uploads\/2019\/10\/dentaland-logo-beli.jpg","width":512,"height":512,"caption":"Stomatolo\u0161ka poliklinika Dentaland"},"image":{"@id":"https:\/\/dentaland.info\/#\/schema\/logo\/image\/"},"sameAs":["https:\/\/www.facebook.com\/dentaland.poliklinika","https:\/\/www.instagram.com\/dentalandns\/"]}]}},"_links":{"self":[{"href":"https:\/\/dentaland.info\/it\/wp-json\/wp\/v2\/pages\/1264","targetHints":{"allow":["GET"]}}],"collection":[{"href":"https:\/\/dentaland.info\/it\/wp-json\/wp\/v2\/pages"}],"about":[{"href":"https:\/\/dentaland.info\/it\/wp-json\/wp\/v2\/types\/page"}],"author":[{"embeddable":true,"href":"https:\/\/dentaland.info\/it\/wp-json\/wp\/v2\/users\/2"}],"replies":[{"embeddable":true,"href":"https:\/\/dentaland.info\/it\/wp-json\/wp\/v2\/comments?post=1264"}],"version-history":[{"count":9,"href":"https:\/\/dentaland.info\/it\/wp-json\/wp\/v2\/pages\/1264\/revisions"}],"predecessor-version":[{"id":5682,"href":"https:\/\/dentaland.info\/it\/wp-json\/wp\/v2\/pages\/1264\/revisions\/5682"}],"wp:attachment":[{"href":"https:\/\/dentaland.info\/it\/wp-json\/wp\/v2\/media?parent=1264"}],"curies":[{"name":"wp","href":"https:\/\/api.w.org\/{rel}","templated":true}]}}